{"id":9,"date":"2017-10-30T12:17:27","date_gmt":"2017-10-30T11:17:27","guid":{"rendered":"http:\/\/trooboox.de\/wordpress\/?page_id=9"},"modified":"2024-04-18T14:21:11","modified_gmt":"2024-04-18T12:21:11","slug":"ueber-trooboox","status":"publish","type":"page","link":"https:\/\/trooboox.de\/wordpress\/ueber-trooboox\/","title":{"rendered":"\u00dcber trooboox \u2013 Erstausgaben, die Freude machen"},"content":{"rendered":"<p><strong>trooboox, booklooker und ich: tolle Erstausgaben.<\/strong><\/p>\n<p>Statt mit gro\u00dfem Plan habe ich \u00fcber die Jahre mit gro\u00dfer Neugier eine Sammlung aus literarischen Erstausgaben zusammengestellt. Denn die letzten hundert Jahre waren voller spannender literarischer Epochen: die Achse der Moderne Berlin \u2013 Wien, die Weimarer Jahre, Exilliteratur der verfolgten und verbotenen Schriftsteller, der zaghafte Aufbruch der Gruppe 47 nach dem Krieg, die B\u00fccher der 68er-Autoren, der Beat- und Popgeneration (die alles auf den Kopf stellte), die Sprachspieler der Wiener Gruppe um HC Artmann, B\u00fccher (und klassische Filmvorlagen) der italienischen Neorealisten und viele \u00fcberraschende Entdeckungen mehr.<\/p>\n<p>Ich poste bei <em>trooboox.de<\/em> \u00fcber tolle B\u00fccher und verkaufe auf der Plattform<em> booklooker.de, <\/em>Stichwort \u201etrooboox\u201c literarische Erstausgaben, die Freude machen.<\/p>\n<p><strong>Erstausgaben, die Freude machen <\/strong><\/p>\n<p><strong><em>B\u00fccher bieten mehr als Rohstoff<\/em><\/strong><\/p>\n<p>Erstausgaben sind das Original \u2013 Inhalt, Gestaltung und Ausstattung sind so, wie Autor und Verlag wollten. Aber in Erstausgaben sind weitere stories versteckt: welcher ber\u00fchmte K\u00fcnstler hat den Einband gestaltet? Geben Widmungen, Bleistift-Anmerkungen, ein Ex Libris oder ein kleiner Stempel Hinweise auf das Leben des Vorbesitzers? Hat das Buch sogar eine wertvolle Signatur des Autors oder der Autorin? Da ist Stoff f\u00fcr weitere Leseabenteuer.<\/p>\n<p><strong><em>Alte B\u00fccher zeigen in die Gegenwart<\/em><\/strong><\/p>\n<p>Die Autoren und Autorinnen der spektakul\u00e4ren 100 Jahren h\u00e4tten auch heute Platz und Stimme: Erich K\u00e4stner w\u00fcrde erfolgreiche Serien schreiben, Egon Erwin Kisch w\u00fcrde aus Kriegsgebieten berichten, Karl Kraus twitter (nachmals X) verlassen. Horvath und Marieluise Fleisser w\u00fcrden aufregend aktuelle Theaterst\u00fccke schreiben, Joseph Roth h\u00e4tte in DIE ZEIT seine Kolumne f\u00fcr soziale und historische Brennpunkte und zus\u00e4tzlich einen podcast mit J\u00f6rg Fauser. Arthur Schnitzler h\u00e4tte ein Missverst\u00e4ndnis mit J\u00fcrgen Ploog. Und Artmann in Tweed und Wondratschek in Lederjacke f\u00fchren eine battle beim poetry slam. Wobei, Wondratschek schreibt auch nach sechzig Jahren noch die tollsten Gedichte.<\/p>\n<p><strong><em>B\u00fccher sammeln macht Spass und Sinn<\/em><\/strong><\/p>\n<p>Regal Billy gibt\u2019s wieder bei IKEA, also warum nicht wieder B\u00fccher sammeln: Auch die kleinste Bibliothek bildet eine analoge Spur deines Lebens.<\/p>\n<p>Bis zu 100 Jahre alte B\u00fccher k\u00f6nnen nicht immer top erhalten sein. Wenn irgend m\u00f6glich, lege ich auch bei seltenen St\u00fccken Wert auf einen ordentlichen bis tadellosen Zustand und ihre Lesefreundlichkeit. Wertvolle B\u00fccher sind zu lebendig und pers\u00f6nlich, um in Regalen zu verstauben: (sie fordern uns auf zum) Lesen, Sammeln, Verschenken und gelegentlich wieder verkaufen.<\/p>\n\n\n<figure class=\"wp-block-gallery has-nested-images columns-default is-cropped wp-block-gallery-1 is-layout-flex wp-block-gallery-is-layout-flex\">\n<figure class=\"wp-block-image size-large\"><img loading=\"lazy\" decoding=\"async\" width=\"300\" height=\"279\" data-id=\"1619\" src=\"https:\/\/trooboox.de\/wordpress\/wp-content\/uploads\/2020\/04\/SELFIE_04_2020-300x279-1.jpg\" alt=\"\" class=\"wp-image-1619\"\/><\/figure>\n\n\n\n<figure class=\"wp-block-image size-large\"><img loading=\"lazy\" decoding=\"async\" width=\"300\" height=\"300\" data-id=\"1620\" src=\"https:\/\/trooboox.de\/wordpress\/wp-content\/uploads\/2020\/04\/hacks-dog-2-300x300-1.jpg\" alt=\"\" class=\"wp-image-1620\" srcset=\"https:\/\/trooboox.de\/wordpress\/wp-content\/uploads\/2020\/04\/hacks-dog-2-300x300-1.jpg 300w, https:\/\/trooboox.de\/wordpress\/wp-content\/uploads\/2020\/04\/hacks-dog-2-300x300-1-150x150.jpg 150w, https:\/\/trooboox.de\/wordpress\/wp-content\/uploads\/2020\/04\/hacks-dog-2-300x300-1-45x45.jpg 45w\" sizes=\"auto, (max-width: 300px) 100vw, 300px\" \/><figcaption class=\"wp-element-caption\">Text (c) Kurt Pohl, 2022<\/figcaption><\/figure>\n<figcaption class=\"blocks-gallery-caption wp-element-caption\"><strong>Kurt Pohl mit oox dog<\/strong><\/figcaption><\/figure>\n","protected":false},"excerpt":{"rendered":"<p>trooboox, booklooker und ich: tolle Erstausgaben. Statt mit gro\u00dfem Plan habe ich \u00fcber die Jahre mit gro\u00dfer Neugier eine Sammlung aus literarischen Erstausgaben&hellip;<\/p>\n","protected":false},"author":1,"featured_media":802,"parent":0,"menu_order":0,"comment_status":"closed","ping_status":"closed","template":"page-templates\/no-sidebar.php","meta":{"_monsterinsights_skip_tracking":false,"_monsterinsights_sitenote_active":false,"_monsterinsights_sitenote_note":"","_monsterinsights_sitenote_category":0,"footnotes":""},"class_list":["post-9","page","type-page","status-publish","has-post-thumbnail","hentry"],"_links":{"self":[{"href":"https:\/\/trooboox.de\/wordpress\/wp-json\/wp\/v2\/pages\/9","targetHints":{"allow":["GET"]}}],"collection":[{"href":"https:\/\/trooboox.de\/wordpress\/wp-json\/wp\/v2\/pages"}],"about":[{"href":"https:\/\/trooboox.de\/wordpress\/wp-json\/wp\/v2\/types\/page"}],"author":[{"embeddable":true,"href":"https:\/\/trooboox.de\/wordpress\/wp-json\/wp\/v2\/users\/1"}],"replies":[{"embeddable":true,"href":"https:\/\/trooboox.de\/wordpress\/wp-json\/wp\/v2\/comments?post=9"}],"version-history":[{"count":8,"href":"https:\/\/trooboox.de\/wordpress\/wp-json\/wp\/v2\/pages\/9\/revisions"}],"predecessor-version":[{"id":2775,"href":"https:\/\/trooboox.de\/wordpress\/wp-json\/wp\/v2\/pages\/9\/revisions\/2775"}],"wp:featuredmedia":[{"embeddable":true,"href":"https:\/\/trooboox.de\/wordpress\/wp-json\/wp\/v2\/media\/802"}],"wp:attachment":[{"href":"https:\/\/trooboox.de\/wordpress\/wp-json\/wp\/v2\/media?parent=9"}],"curies":[{"name":"wp","href":"https:\/\/api.w.org\/{rel}","templated":true}]}}